{"id":4593,"date":"2022-11-09T13:28:24","date_gmt":"2022-11-09T11:28:24","guid":{"rendered":"https:\/\/youhu.hu\/shipping-information\/"},"modified":"2024-07-16T08:55:25","modified_gmt":"2024-07-16T06:55:25","slug":"shipping-information","status":"publish","type":"page","link":"https:\/\/youhu.hu\/en\/shipping-information\/","title":{"rendered":"Shipping information"},"content":{"rendered":"\n<h2>Shipping and payment options<\/h2>\n\n<h4><strong>Shipping, handover<\/strong><\/h4>\n<p>We can ship out our products on stock at latest next working day. Can be picked up in person the next day. Products on backorder can be shipped out usually within 7 working days. We always send the shipment informations via e-mail.<\/p>\n<p>Contact us if you have questions, or you need an urgent shipment!<\/p>\n<h5><strong>Personal pickup:<\/strong><\/h5>\n<p>Free of charge. Scheduled appointment needed! Address: 1107 Budapest, Sz\u00e1va u. 9. 9. A. \u00e9p\u00fclet 3\/4.<\/p>\n<h5><strong>Courier:<\/strong><\/h5>\n<p>Free shipping (in Hungary) for orders over 130 EUR \/ 50 000 Ft!<\/p>\n<li>FOXPOST parcel locker (Hungary): 3 EUR \/ 1190 Ft\n<li>GLS (Hungary): 5,95 EUR \/ 2290 Ft\n<li>Postapont parcel locker (Hungary): 6,5 EUR \/ 2490 Ft\n<li>EU 1. Zone (Slovakia, Slovenia, Austria, Czech Republic, Romania, Croatia) GLS courier: 17,95 EUR \/ 7000 Ft\n<li>EU 2. Zone (Poland, Germany, Belgium, Netherlands, Luxemburg, Switzerland) GLS Courier: 22,95 EUR \/ 9000 Ft\n<li>EU 3. Zone (Denmark, France, Italy, Ireland) GLS Courier: 25,50 EUR \/ 10000 Ft\n<li>EU 4. Zoone (Spain, Portugal, Sweden, Finnland) GLS Courier: 49,95 EUR \/ 20000 Ft<\/li>\n<h5><strong>Payment:<\/strong><\/p>\n<h5>\n<li>Online credit card, Apple Pay, Google Pay. (The online payment provider of our webshop is myPOS)<\/p>\n<li>In the case of personal pickup, with cash or credit card.<\/p>\n<li>In case of Cash On Delivery, with credit card. <strong>COD fee is 1,3 EUR \/ 500 Ft<\/strong><\/li>\n\n\n","protected":false},"excerpt":{"rendered":"","protected":false},"author":1,"featured_media":0,"parent":0,"menu_order":0,"comment_status":"closed","ping_status":"closed","template":"","meta":{"om_disable_all_campaigns":false,"footnotes":""},"class_list":["post-4593","page","type-page","status-publish","hentry"],"jetpack_sharing_enabled":true,"_links":{"self":[{"href":"https:\/\/youhu.hu\/en\/wp-json\/wp\/v2\/pages\/4593","targetHints":{"allow":["GET"]}}],"collection":[{"href":"https:\/\/youhu.hu\/en\/wp-json\/wp\/v2\/pages"}],"about":[{"href":"https:\/\/youhu.hu\/en\/wp-json\/wp\/v2\/types\/page"}],"author":[{"embeddable":true,"href":"https:\/\/youhu.hu\/en\/wp-json\/wp\/v2\/users\/1"}],"replies":[{"embeddable":true,"href":"https:\/\/youhu.hu\/en\/wp-json\/wp\/v2\/comments?post=4593"}],"version-history":[{"count":1,"href":"https:\/\/youhu.hu\/en\/wp-json\/wp\/v2\/pages\/4593\/revisions"}],"predecessor-version":[{"id":4594,"href":"https:\/\/youhu.hu\/en\/wp-json\/wp\/v2\/pages\/4593\/revisions\/4594"}],"wp:attachment":[{"href":"https:\/\/youhu.hu\/en\/wp-json\/wp\/v2\/media?parent=4593"}],"curies":[{"name":"wp","href":"https:\/\/api.w.org\/{rel}","templated":true}]}}