{"id":4599,"date":"2017-08-23T19:37:47","date_gmt":"2017-08-23T17:37:47","guid":{"rendered":"https:\/\/youhu.hu\/about-us\/"},"modified":"2024-08-05T17:39:18","modified_gmt":"2024-08-05T15:39:18","slug":"about-us","status":"publish","type":"page","link":"https:\/\/youhu.hu\/en\/about-us\/","title":{"rendered":"About us"},"content":{"rendered":"\n<div class=\"row\"  id=\"row-1614518595\">\n\n\n\t<div id=\"col-496133279\" class=\"col medium-6 small-12 large-6\"  >\n\t\t\t\t<div class=\"col-inner\"  >\n\t\t\t\n\t\t\t\n\n\t<div id=\"text-782836597\" class=\"text\">\n\t\t\n\n<h2>About us<\/h2>\n\t\t\n<style>\n#text-782836597 {\n  text-align: left;\n  color: rgb(85, 85, 85);\n}\n#text-782836597 > * {\n  color: rgb(85, 85, 85);\n}\n<\/style>\n\t<\/div>\n\t\n\t<div id=\"text-3120763003\" class=\"text\">\n\t\t\n\n<p>We create home  wine accessories, interactive drinking installations, exciting guest experiences \u2013 all in the fusion of design and drinking culture. We are maximizing user experience in the triangle of playfulness, elegance and sustainability. <br> Our mission is to encourage experience-focused, conscious consumption with design and enhancing natural materials whether it is about a custom project or our own products.<\/p>\n<p>Dorottya KISS &amp; Szabolcs HORV\u00c1TH<\/p>\n\t\t\n<style>\n#text-3120763003 {\n  font-size: 1rem;\n  text-align: left;\n  color: rgb(104, 104, 104);\n}\n#text-3120763003 > * {\n  color: rgb(104, 104, 104);\n}\n<\/style>\n\t<\/div>\n\t\n\t<div id=\"gap-627017414\" class=\"gap-element clearfix\" style=\"display:block; height:auto;\">\n\t\t\n<style>\n#gap-627017414 {\n  padding-top: 30px;\n}\n<\/style>\n\t<\/div>\n\t\n\n\n\n<div id=\"mc_embed_shell\">\n      <link href=\"\/\/cdn-images.mailchimp.com\/embedcode\/classic-061523.css\" rel=\"stylesheet\" type=\"text\/css\">\n  <style type=\"text\/css\">\n        #mc_embed_signup{background:#fff; false;clear:left; font:14px Helvetica,Arial,sans-serif; width: 600px;}\n        \/* Add your own Mailchimp form style overrides in your site stylesheet or in this style block.\n           We recommend moving this block and the preceding CSS link to the HEAD of your HTML file. *\/\n<\/style>\n<div id=\"mc_embed_signup\">\n    <form action=\"https:\/\/youhu.us16.list-manage.com\/subscribe\/post?u=fbf8fdd18d0f30fbd0d2bdfb2&amp;id=0ecb4558d4&amp;f_id=00a379e0f0\" method=\"post\" id=\"mc-embedded-subscribe-form\" name=\"mc-embedded-subscribe-form\" class=\"validate\" target=\"_blank\">\n        <div id=\"mc_embed_signup_scroll\"><h2>Subscribe to our newsletter for special discounted offers!<\/h2>\n            <div class=\"indicates-required\"><span class=\"asterisk\">*<\/span> indicates required<\/div>\n            <div class=\"mc-field-group\"><label for=\"mce-EMAIL\">Email address<span class=\"asterisk\">*<\/span><\/label><input type=\"email\" name=\"EMAIL\" class=\"required email\" id=\"mce-EMAIL\" required=\"\" value=\"\"><\/div><div class=\"mc-field-group\"><label for=\"mce-FNAME\">First name: <\/label><input type=\"text\" name=\"FNAME\" class=\" text\" id=\"mce-FNAME\" value=\"\"><\/div><div class=\"mc-field-group input-group\"><strong>Privacy Policy <span class=\"asterisk\">*<\/span><\/strong><ul><li><input type=\"radio\" name=\"MMERGE3\" id=\"mce-MMERGE30\" value=\"I accept the Privacy Policy\"><label for=\"mce-MMERGE30\">I accept the Privacy Policy<\/label><\/li><\/ul><\/div>\n        <div id=\"mce-responses\" class=\"clear foot\">\n            <div class=\"response\" id=\"mce-error-response\" style=\"display: none;\"><\/div>\n            <div class=\"response\" id=\"mce-success-response\" style=\"display: none;\"><\/div>\n        <\/div>\n    <div aria-hidden=\"true\" style=\"position: absolute; left: -5000px;\"> \/* real people should not fill this in and expect good things &#8211; do not remove this or risk form bot signups *\/ <input type=\"text\" name=\"b_fbf8fdd18d0f30fbd0d2bdfb2_0ecb4558d4\" tabindex=\"-1\" value=\"\">\n    <\/div>\n        <div class=\"optionalParent\">\n            <div class=\"clear foot\">\n                <input type=\"submit\" name=\"subscribe\" id=\"mc-embedded-subscribe\" class=\"button\" value=\"Subscribe\">\n                <p style=\"margin: 0px auto;\"><a href=\"http:\/\/eepurl.com\/iTjndQ\" title=\"Mailchimp - email marketing made easy and fun\" target=\"_blank\" rel=\"noopener\"><span style=\"display: inline-block; background-color: transparent; border-radius: 4px;\"><img decoding=\"async\" class=\"refferal_badge\" src=\"https:\/\/digitalasset.intuit.com\/render\/content\/dam\/intuit\/mc-fe\/en_us\/images\/intuit-mc-rewards-text-dark.svg\" alt=\"Intuit Mailchimp\" style=\"width: 220px; height: 40px; display: flex; padding: 2px 0px; justify-content: center; align-items: center;\"><\/span><\/a><\/p>\n            <\/div>\n        <\/div>\n    <\/div>\n<\/form>\n<\/div>\n<script type=\"text\/javascript\" src=\"\/\/s3.amazonaws.com\/downloads.mailchimp.com\/js\/mc-validate.js\"><\/script><script type=\"text\/javascript\">(function($) {window.fnames = new Array(); window.ftypes = new Array();fnames[0]='EMAIL';ftypes[0]='email';fnames[1]='FNAME';ftypes[1]='text';fnames[3]='MMERGE3';ftypes[3]='radio';\/*\n * Translated default messages for the $ validation plugin.\n * Locale: HU\n *\/\n$.extend($.validator.messages, {\n\trequired: \"K\u00f6telez\u0151 megadni.\",\n\tmaxlength: $.validator.format(\"Legfeljebb {0} karakter hossz\u00fa legyen.\"),\n\tminlength: $.validator.format(\"Legal\u00e1bb {0} karakter hossz\u00fa legyen.\"),\n\trangelength: $.validator.format(\"Legal\u00e1bb {0} \u00e9s legfeljebb {1} karakter hossz\u00fa legyen.\"),\n\temail: \"\u00c9rv\u00e9nyes e-mail c\u00edmnek kell lennie.\",\n\turl: \"\u00c9rv\u00e9nyes URL-nek kell lennie.\",\n\tdate: \"D\u00e1tumnak kell lennie.\",\n\tnumber: \"Sz\u00e1mnak kell lennie.\",\n\tdigits: \"Csak sz\u00e1mjegyek lehetnek.\",\n\tequalTo: \"Meg kell egyeznie a k\u00e9t \u00e9rt\u00e9knek.\",\n\trange: $.validator.format(\"{0} \u00e9s {1} k\u00f6z\u00e9 kell esnie.\"),\n\tmax: $.validator.format(\"Nem lehet nagyobb, mint {0}.\"),\n\tmin: $.validator.format(\"Nem lehet kisebb, mint {0}.\"),\n\tcreditcard: \"\u00c9rv\u00e9nyes hitelk\u00e1rtyasz\u00e1mnak kell lennie.\"\n});}(jQuery));var $mcj = jQuery.noConflict(true);<\/script><\/div>\n\n\n\t\t<\/div>\n\t\t\t\t\t<\/div>\n\n\t\n\n\t<div id=\"col-118213174\" class=\"col medium-6 small-12 large-6\"  >\n\t\t\t\t<div class=\"col-inner\"  >\n\t\t\t\n\t\t\t\n\n\t<div class=\"img has-hover x md-x lg-x y md-y lg-y\" id=\"image_507523556\">\n\t\t\t\t\t\t\t\t<div class=\"img-inner dark\" >\n\t\t\t<img loading=\"lazy\" decoding=\"async\" width=\"854\" height=\"571\" src=\"https:\/\/youhu.hu\/wp-content\/uploads\/2024\/07\/rolunk_vagott-1.webp\" class=\"attachment-original size-original\" alt=\"youHU!\" srcset=\"https:\/\/youhu.hu\/wp-content\/uploads\/2024\/07\/rolunk_vagott-1.webp 854w, https:\/\/youhu.hu\/wp-content\/uploads\/2024\/07\/rolunk_vagott-1-300x201.webp 300w, https:\/\/youhu.hu\/wp-content\/uploads\/2024\/07\/rolunk_vagott-1-768x513.webp 768w, https:\/\/youhu.hu\/wp-content\/uploads\/2024\/07\/rolunk_vagott-1-510x341.webp 510w\" sizes=\"auto, (max-width: 854px) 100vw, 854px\" \/>\t\t\t\t\t\t\n\t\t\t\t\t<\/div>\n\t\t\t\t\t\t\t\t\n<style>\n#image_507523556 {\n  width: 100%;\n}\n<\/style>\n\t<\/div>\n\t\n\n\t<div id=\"text-340332664\" class=\"text\">\n\t\t\n\n<h2>youHU! design studio<\/h2>\n\t\t\n<style>\n#text-340332664 {\n  text-align: left;\n  color: rgb(85, 85, 85);\n}\n#text-340332664 > * {\n  color: rgb(85, 85, 85);\n}\n<\/style>\n\t<\/div>\n\t\n\t<div id=\"text-3195550625\" class=\"text\">\n\t\t\n\n<p>You can learn more about our work, services and values \u200b\u200bat youHU! on the design studio page.<\/p>\n\t\t\n<style>\n#text-3195550625 {\n  font-size: 1rem;\n  text-align: left;\n  color: rgb(104, 104, 104);\n}\n#text-3195550625 > * {\n  color: rgb(104, 104, 104);\n}\n<\/style>\n\t<\/div>\n\t\n<a href=\"http:\/\/design.youhu.hu\" target=\"_blank\" class=\"button primary is-outline is-large\" rel=\"noopener\">\n\t\t<span>Let&#039;s check it<\/span>\n\t<\/a>\n\n\n\n\t\t<\/div>\n\t\t\t\t\t<\/div>\n\n\t\n\n<\/div>\n<div class=\"container section-title-container\" ><h3 class=\"section-title section-title-center\"><b aria-hidden=\"true\"><\/b><span class=\"section-title-main\" >In the workshop<\/span><b aria-hidden=\"true\"><\/b><\/h3><\/div>\n\n<div class=\"row\"  id=\"row-201337246\">\n\n\n\t<div id=\"col-1889755897\" class=\"col medium-4 small-12 large-4\"  >\n\t\t\t\t<div class=\"col-inner\"  >\n\t\t\t\n\t\t\t\n\n\t<div class=\"img has-hover x md-x lg-x y md-y lg-y\" id=\"image_209377404\">\n\t\t\t\t\t\t\t\t<div class=\"img-inner image-cover dark\" style=\"padding-top:100%;\">\n\t\t\t<img loading=\"lazy\" decoding=\"async\" width=\"1067\" height=\"1600\" src=\"https:\/\/youhu.hu\/wp-content\/uploads\/2024\/07\/muhely_03.webp\" class=\"attachment-original size-original\" alt=\"youHU! m\u0171hely Dodi\" srcset=\"https:\/\/youhu.hu\/wp-content\/uploads\/2024\/07\/muhely_03.webp 1067w, https:\/\/youhu.hu\/wp-content\/uploads\/2024\/07\/muhely_03-200x300.webp 200w, https:\/\/youhu.hu\/wp-content\/uploads\/2024\/07\/muhely_03-683x1024.webp 683w, https:\/\/youhu.hu\/wp-content\/uploads\/2024\/07\/muhely_03-768x1152.webp 768w, https:\/\/youhu.hu\/wp-content\/uploads\/2024\/07\/muhely_03-1024x1536.webp 1024w, https:\/\/youhu.hu\/wp-content\/uploads\/2024\/07\/muhely_03-510x765.webp 510w\" sizes=\"auto, (max-width: 1067px) 100vw, 1067px\" \/>\t\t\t\t\t\t\t<div class=\"overlay\" style=\"background-color: rgba(0, 0, 0, 0.3)\"><\/div>\n\t\t\t\t\t\t\n\t\t\t\t\t<\/div>\n\t\t\t\t\t\t\t\t\n<style>\n#image_209377404 {\n  width: 100%;\n}\n<\/style>\n\t<\/div>\n\t\n\n\n\t\t<\/div>\n\t\t\t\t\t<\/div>\n\n\t\n\n\t<div id=\"col-1978446015\" class=\"col medium-4 small-12 large-4\"  >\n\t\t\t\t<div class=\"col-inner\"  >\n\t\t\t\n\t\t\t\n\n\t<div class=\"img has-hover x md-x lg-x y md-y lg-y\" id=\"image_518725103\">\n\t\t\t\t\t\t\t\t<div class=\"img-inner image-cover dark\" style=\"padding-top:100%;\">\n\t\t\t<img loading=\"lazy\" decoding=\"async\" width=\"1067\" height=\"1600\" src=\"https:\/\/youhu.hu\/wp-content\/uploads\/2024\/07\/muhely_01.webp\" class=\"attachment-original size-original\" alt=\"youHU! m\u0171hely Szabi\" srcset=\"https:\/\/youhu.hu\/wp-content\/uploads\/2024\/07\/muhely_01.webp 1067w, https:\/\/youhu.hu\/wp-content\/uploads\/2024\/07\/muhely_01-200x300.webp 200w, https:\/\/youhu.hu\/wp-content\/uploads\/2024\/07\/muhely_01-683x1024.webp 683w, https:\/\/youhu.hu\/wp-content\/uploads\/2024\/07\/muhely_01-768x1152.webp 768w, https:\/\/youhu.hu\/wp-content\/uploads\/2024\/07\/muhely_01-1024x1536.webp 1024w, https:\/\/youhu.hu\/wp-content\/uploads\/2024\/07\/muhely_01-510x765.webp 510w\" sizes=\"auto, (max-width: 1067px) 100vw, 1067px\" \/>\t\t\t\t\t\t\t<div class=\"overlay\" style=\"background-color: rgba(0, 0, 0, 0.3)\"><\/div>\n\t\t\t\t\t\t\n\t\t\t\t\t<\/div>\n\t\t\t\t\t\t\t\t\n<style>\n#image_518725103 {\n  width: 100%;\n}\n<\/style>\n\t<\/div>\n\t\n\n\n\t\t<\/div>\n\t\t\t\t\t<\/div>\n\n\t\n\n\t<div id=\"col-931028422\" class=\"col medium-4 small-12 large-4\"  >\n\t\t\t\t<div class=\"col-inner\"  >\n\t\t\t\n\t\t\t\n\n\t<div class=\"img has-hover x md-x lg-x y md-y lg-y\" id=\"image_992726436\">\n\t\t\t\t\t\t\t\t<div class=\"img-inner image-cover dark\" style=\"padding-top:100%;\">\n\t\t\t<img loading=\"lazy\" decoding=\"async\" width=\"1067\" height=\"1600\" src=\"https:\/\/youhu.hu\/wp-content\/uploads\/2024\/07\/muhely_04.webp\" class=\"attachment-original size-original\" alt=\"m\u0171hely proto\" srcset=\"https:\/\/youhu.hu\/wp-content\/uploads\/2024\/07\/muhely_04.webp 1067w, https:\/\/youhu.hu\/wp-content\/uploads\/2024\/07\/muhely_04-200x300.webp 200w, https:\/\/youhu.hu\/wp-content\/uploads\/2024\/07\/muhely_04-683x1024.webp 683w, https:\/\/youhu.hu\/wp-content\/uploads\/2024\/07\/muhely_04-768x1152.webp 768w, https:\/\/youhu.hu\/wp-content\/uploads\/2024\/07\/muhely_04-1024x1536.webp 1024w, https:\/\/youhu.hu\/wp-content\/uploads\/2024\/07\/muhely_04-510x765.webp 510w\" sizes=\"auto, (max-width: 1067px) 100vw, 1067px\" \/>\t\t\t\t\t\t\t<div class=\"overlay\" style=\"background-color: rgba(0, 0, 0, 0.3)\"><\/div>\n\t\t\t\t\t\t\n\t\t\t\t\t<\/div>\n\t\t\t\t\t\t\t\t\n<style>\n#image_992726436 {\n  width: 100%;\n}\n<\/style>\n\t<\/div>\n\t\n\n\n\t\t<\/div>\n\t\t\t\t\t<\/div>\n\n\t\n\n<\/div>\n\n","protected":false},"excerpt":{"rendered":"","protected":false},"author":1,"featured_media":0,"parent":0,"menu_order":0,"comment_status":"closed","ping_status":"closed","template":"","meta":{"om_disable_all_campaigns":false,"footnotes":""},"class_list":["post-4599","page","type-page","status-publish","hentry"],"jetpack_sharing_enabled":true,"_links":{"self":[{"href":"https:\/\/youhu.hu\/en\/wp-json\/wp\/v2\/pages\/4599","targetHints":{"allow":["GET"]}}],"collection":[{"href":"https:\/\/youhu.hu\/en\/wp-json\/wp\/v2\/pages"}],"about":[{"href":"https:\/\/youhu.hu\/en\/wp-json\/wp\/v2\/types\/page"}],"author":[{"embeddable":true,"href":"https:\/\/youhu.hu\/en\/wp-json\/wp\/v2\/users\/1"}],"replies":[{"embeddable":true,"href":"https:\/\/youhu.hu\/en\/wp-json\/wp\/v2\/comments?post=4599"}],"version-history":[{"count":8,"href":"https:\/\/youhu.hu\/en\/wp-json\/wp\/v2\/pages\/4599\/revisions"}],"predecessor-version":[{"id":4915,"href":"https:\/\/youhu.hu\/en\/wp-json\/wp\/v2\/pages\/4599\/revisions\/4915"}],"wp:attachment":[{"href":"https:\/\/youhu.hu\/en\/wp-json\/wp\/v2\/media?parent=4599"}],"curies":[{"name":"wp","href":"https:\/\/api.w.org\/{rel}","templated":true}]}}