{"id":4635,"date":"2019-04-17T07:11:15","date_gmt":"2019-04-17T05:11:15","guid":{"rendered":"https:\/\/youhu.hu\/cart-2\/"},"modified":"2024-07-16T09:19:43","modified_gmt":"2024-07-16T07:19:43","slug":"cart-2","status":"publish","type":"page","link":"https:\/\/youhu.hu\/en\/cart-2\/","title":{"rendered":"Cart"},"content":{"rendered":"\n\n\n\t<div id=\"szallitas-popup\"\n\t     class=\"lightbox-by-id lightbox-content mfp-hide lightbox-white \"\n\t     style=\"max-width:500px ;padding:20px\">\n\t\t\n\n\n  <div class=\"banner has-hover\" id=\"banner-1137992036\">\n          <div class=\"banner-inner fill\">\n        <div class=\"banner-bg fill\" >\n            <img loading=\"lazy\" decoding=\"async\" width=\"526\" height=\"351\" src=\"https:\/\/youhu.hu\/wp-content\/uploads\/2024\/07\/paper_bg.png\" class=\"bg attachment-large size-large\" alt=\"\" \/>                                    \n                    <\/div>\n\t\t\n        <div class=\"banner-layers container\">\n            <div class=\"fill banner-link\"><\/div>               <div id=\"text-box-71649336\" class=\"text-box banner-layer x10 md-x10 lg-x10 y10 md-y10 lg-y10 res-text\">\n                     <div data-animate=\"fadeInLeft\">           <div class=\"text-box-content text \">\n              \n              <div class=\"text-inner text-left\">\n                  \n<h3>Kedves v\u00e1s\u00e1rl\u00f3nk!<\/h3>\n<p><strong>Szeretn\u00e9nk t\u00e1j\u00e9koztatni, hogy J\u00falius 19-29 k\u00f6z\u00f6tti id\u0151szakban a csomagsz\u00e1ll\u00edt\u00e1s \u00e9s a szem\u00e9lyes \u00e1tv\u00e9tel lehet\u0151s\u00e9ge is sz\u00fcnetel. A be\u00e9rkezett rendel\u00e9seket J\u00falius 30-\u00e1n kezdj\u00fck el feldolgozni \u00e9s kisz\u00e1ll\u00edtani.<\/strong><\/p>\n<p><strong>Meg\u00e9rt\u00e9sedet k\u00f6sz\u00f6nj\u00fck!<\/strong><\/p>\n              <\/div>\n           <\/div>\n       <\/div>                     \n<style>\n#text-box-71649336 {\n  width: 60%;\n}\n#text-box-71649336 .text-box-content {\n  font-size: 100%;\n}\n@media (min-width:550px) {\n  #text-box-71649336 {\n    width: 75%;\n  }\n}\n<\/style>\n    <\/div>\n         <\/div>\n      <\/div>\n\n            \n<style>\n#banner-1137992036 {\n  padding-top: 300px;\n}\n<\/style>\n  <\/div>\n\n\n\n\t<\/div>\n\t\t\t<script>\n\t\t\t\/\/ Auto open lightboxes\n\t\t\tjQuery(document).ready(function ($) {\n\t\t\t\t\/* global flatsomeVars *\/\n\t\t\t\t'use strict'\n\t\t\t\tvar cookieId = 'lightbox_szallitas-popup'\n\t\t\t\tvar cookieValue = 'opened_1'\n\t\t\t\tvar timer = parseInt('3000', 10)\n\n\t\t\t\t\/\/ Auto open lightbox\n\t\t\t\t\t\t\t\tFlatsome.Cookies.set(cookieId, false)\n\t\t\t\t\n\t\t\t\t\/\/ Run lightbox if no cookie is set\n\t\t\t\tif (Flatsome.Cookies.get(cookieId) !== cookieValue) {\n\n\t\t\t\t\t\/\/ Ensure closing off canvas\n\t\t\t\t\tsetTimeout(function () {\n\t\t\t\t\t\tif (jQuery.fn.magnificPopup) jQuery.magnificPopup.close()\n\t\t\t\t\t}, timer - 350)\n\n\t\t\t\t\t\/\/ Open lightbox\n\t\t\t\t\tsetTimeout(function () {\n\t\t\t\t\t\t$.loadMagnificPopup().then(function() {\n\t\t\t\t\t\t\t$.magnificPopup.open({\n\t\t\t\t\t\t\t\tmidClick: true,\n\t\t\t\t\t\t\t\tremovalDelay: 300,\n\t\t\t\t\t\t\t\t\/\/ closeBtnInside: flatsomeVars.lightbox.close_btn_inside,\n\t\t\t\t\t\t\t\t\/\/ closeMarkup: flatsomeVars.lightbox.close_markup,\n\t\t\t\t\t\t\t\titems: {\n\t\t\t\t\t\t\t\t\tsrc: '#szallitas-popup',\n\t\t\t\t\t\t\t\t\ttype: 'inline'\n\t\t\t\t\t\t\t\t}\n\t\t\t\t\t\t\t})\n\t\t\t\t\t\t})\n\t\t\t\t\t}, timer)\n\n\t\t\t\t\tFlatsome.Cookies.set(cookieId, cookieValue, { expires: 365 })\n\t\t\t\t}\n\t\t\t})\n\t\t<\/script>\n\t\n\t\n","protected":false},"excerpt":{"rendered":"","protected":false},"author":1,"featured_media":0,"parent":0,"menu_order":0,"comment_status":"closed","ping_status":"closed","template":"","meta":{"om_disable_all_campaigns":false,"footnotes":""},"class_list":["post-4635","page","type-page","status-publish","hentry"],"jetpack_sharing_enabled":true,"_links":{"self":[{"href":"https:\/\/youhu.hu\/en\/wp-json\/wp\/v2\/pages\/4635","targetHints":{"allow":["GET"]}}],"collection":[{"href":"https:\/\/youhu.hu\/en\/wp-json\/wp\/v2\/pages"}],"about":[{"href":"https:\/\/youhu.hu\/en\/wp-json\/wp\/v2\/types\/page"}],"author":[{"embeddable":true,"href":"https:\/\/youhu.hu\/en\/wp-json\/wp\/v2\/users\/1"}],"replies":[{"embeddable":true,"href":"https:\/\/youhu.hu\/en\/wp-json\/wp\/v2\/comments?post=4635"}],"version-history":[{"count":3,"href":"https:\/\/youhu.hu\/en\/wp-json\/wp\/v2\/pages\/4635\/revisions"}],"predecessor-version":[{"id":4897,"href":"https:\/\/youhu.hu\/en\/wp-json\/wp\/v2\/pages\/4635\/revisions\/4897"}],"wp:attachment":[{"href":"https:\/\/youhu.hu\/en\/wp-json\/wp\/v2\/media?parent=4635"}],"curies":[{"name":"wp","href":"https:\/\/api.w.org\/{rel}","templated":true}]}}